{"id":3,"date":"2022-11-07T22:13:45","date_gmt":"2022-11-07T22:13:45","guid":{"rendered":"https:\/\/msrepresentaciones.com.ar\/?page_id=3"},"modified":"2025-07-10T18:51:34","modified_gmt":"2025-07-10T18:51:34","slug":"privacy-policy","status":"publish","type":"page","link":"https:\/\/msrepresentaciones.com.ar\/en\/privacy-policy\/","title":{"rendered":"Pol\u00edtica de Privacidad"},"content":{"rendered":"<div style=\"height:20px\" aria-hidden=\"true\" class=\"wp-block-spacer\"><\/div>\n\n\n\n<h2 class=\"wp-block-heading\">Qui\u00e9nes somos<\/h2>\n\n\n\n<p>Nuestra direcci\u00f3n web es: <a href=\"https:\/\/msrepresentaciones.com.ar\/en\/\">https:\/\/msrepresentaciones.com.ar<\/a>.<\/p>\n\n\n\n<div style=\"height:35px\" aria-hidden=\"true\" class=\"wp-block-spacer\"><\/div>\n\n\n\n<h2 class=\"wp-block-heading\">Comentarios<\/h2>\n\n\n\n<p>Cuando los visitantes dejan comentarios en el sitio, recopilamos los datos que se muestran en el formulario de comentarios, as\u00ed como la direcci\u00f3n IP del visitante y la cadena de agente de usuario del navegador para ayudar en la detecci\u00f3n de spam.<\/p>\n\n\n\n<p>Se puede proporcionar a Gravatar un conjunto anonimizado creado a partir de su direcci\u00f3n de correo electr\u00f3nico (tambi\u00e9n llamado hash) para verificar si est\u00e1 utilizando Gravatar. La pol\u00edtica de privacidad de Gravatar est\u00e1 disponible aqu\u00ed: <a href=\"https:\/\/automattic.com\/privacy\/\">https:\/\/automattic.com\/privacy\/<\/a>. Despu\u00e9s de la aprobaci\u00f3n de su comentario, su imagen de perfil ser\u00e1 visible para el p\u00fablico en el contexto de su comentario.<\/p>\n\n\n\n<div style=\"height:35px\" aria-hidden=\"true\" class=\"wp-block-spacer\"><\/div>\n\n\n\n<h2 class=\"wp-block-heading\">Multimedia<\/h2>\n\n\n\n<p>Si carga im\u00e1genes en el sitio web, debe evitar cargar im\u00e1genes con datos de ubicaci\u00f3n incrustados (EXIF GPS). Los visitantes del sitio web pueden descargar y extraer cualquier dato de ubicaci\u00f3n de las im\u00e1genes en el sitio web.<\/p>\n\n\n\n<div style=\"height:35px\" aria-hidden=\"true\" class=\"wp-block-spacer\"><\/div>\n\n\n\n<h2 class=\"wp-block-heading\">Cookies<\/h2>\n\n\n\n<p>Si deja un comentario en nuestro sitio, puede optar por guardar su nombre, direcci\u00f3n de correo electr\u00f3nico y sitio web en cookies. Estas son para su conveniencia para que no tenga que volver a completar sus detalles cuando deje otro comentario. Estas cookies durar\u00e1n un a\u00f1o.<\/p>\n\n\n\n<p>Si visita nuestra p\u00e1gina de inicio de sesi\u00f3n, se establecer\u00e1 una cookie temporal para determinar si su navegador acepta cookies. Esta cookie no contiene datos personales y se elimina cuando cierra su navegador.<\/p>\n\n\n\n<p>Cuando inicie sesi\u00f3n, tambi\u00e9n estableceremos varias cookies para guardar su informaci\u00f3n de inicio de sesi\u00f3n y sus opciones de visualizaci\u00f3n de pantalla. Las cookies de inicio de sesi\u00f3n duran dos d\u00edas y las cookies de opciones de pantalla duran un a\u00f1o. Si selecciona \u00abRecordarme\u00bb, su inicio de sesi\u00f3n persistir\u00e1 durante dos semanas. Si cierra la sesi\u00f3n de su cuenta, las cookies de inicio de sesi\u00f3n se eliminar\u00e1n.<\/p>\n\n\n\n<p>Si edita o publica un art\u00edculo, se guardar\u00e1 una cookie adicional en su navegador. Esta cookie no contiene datos personales y simplemente indica el ID de la publicaci\u00f3n del art\u00edculo que acaba de editar. Expira despu\u00e9s de 1 d\u00eda.<\/p>\n\n\n\n<div style=\"height:35px\" aria-hidden=\"true\" class=\"wp-block-spacer\"><\/div>\n\n\n\n<h2 class=\"wp-block-heading\">Contenido incrustado de otros sitios web<\/h2>\n\n\n\n<p>Los art\u00edculos en este sitio pueden incluir contenido incrustado (por ejemplo, videos, im\u00e1genes, art\u00edculos, etc.). El contenido incrustado de otros sitios web se comporta de la misma manera que si el visitante hubiera visitado el otro sitio.<\/p>\n\n\n\n<p>Estos sitios web pueden recopilar datos sobre usted, utilizar cookies, incrustar seguimiento de terceros adicionales y supervisar su interacci\u00f3n con ese contenido incrustado, incluido el seguimiento de su interacci\u00f3n con el contenido incrustado si tiene una cuenta y ha iniciado sesi\u00f3n en ese sitio.<\/p>\n\n\n\n<div style=\"height:35px\" aria-hidden=\"true\" class=\"wp-block-spacer\"><\/div>\n\n\n\n<h2 class=\"wp-block-heading\">Con qui\u00e9n compartimos sus datos<\/h2>\n\n\n\n<p>Si solicita restablecer su contrase\u00f1a, su direcci\u00f3n IP se incluir\u00e1 en el correo electr\u00f3nico de restablecimiento.<\/p>\n\n\n\n<div style=\"height:35px\" aria-hidden=\"true\" class=\"wp-block-spacer\"><\/div>\n\n\n\n<h2 class=\"wp-block-heading\">Cu\u00e1nto tiempo conservamos sus datos<\/h2>\n\n\n\n<p>Si deja un comentario, el comentario y sus metadatos se conservar\u00e1n indefinidamente. Esto se hace para que podamos reconocer y aprobar autom\u00e1ticamente cualquier comentario de seguimiento en lugar de retenerlos en una cola de moderaci\u00f3n.<\/p>\n\n\n\n<p>Para los usuarios que se registran en nuestro sitio web (si los hay), tambi\u00e9n almacenamos la informaci\u00f3n personal que proporcionan en su perfil de usuario. Todos los usuarios pueden ver, editar o eliminar su informaci\u00f3n personal en cualquier momento (excepto que no pueden cambiar su nombre de usuario). Los administradores del sitio web tambi\u00e9n pueden ver y editar esa informaci\u00f3n.<\/p>\n\n\n\n<div style=\"height:35px\" aria-hidden=\"true\" class=\"wp-block-spacer\"><\/div>\n\n\n\n<h2 class=\"wp-block-heading\">Derechos sobre sus datos<\/h2>\n\n\n\n<p>Si tiene una cuenta en este sitio o ha dejado comentarios, puede solicitar recibir un archivo exportado con los datos personales que tenemos sobre usted, incluidos los datos que nos ha proporcionado. Tambi\u00e9n puede solicitar que eliminemos cualquier dato personal que tengamos sobre usted. Esto no incluye ning\u00fan dato que estemos obligados a conservar por cuestiones administrativas, legales o de seguridad.<\/p>\n\n\n\n<div style=\"height:35px\" aria-hidden=\"true\" class=\"wp-block-spacer\"><\/div>\n\n\n\n<h2 class=\"wp-block-heading\">D\u00f3nde se env\u00edan sus datos<\/h2>\n\n\n\n<p>Los comentarios de los visitantes pueden ser verificados a trav\u00e9s de un servicio automatizado de detecci\u00f3n de spam.<\/p>","protected":false},"excerpt":{"rendered":"<p>Qui\u00e9nes somos Nuestra direcci\u00f3n web es: https:\/\/msrepresentaciones.com.ar. Comentarios Cuando los visitantes dejan comentarios en el sitio, recopilamos los datos que se muestran en el formulario de comentarios, as\u00ed como la direcci\u00f3n IP del visitante y la cadena de agente de usuario del navegador para ayudar en la detecci\u00f3n de spam. Se puede proporcionar a Gravatar [&hellip;]<\/p>\n","protected":false},"author":1,"featured_media":0,"parent":0,"menu_order":0,"comment_status":"closed","ping_status":"open","template":"","meta":{"site-sidebar-layout":"default","site-content-layout":"","ast-site-content-layout":"default","site-content-style":"default","site-sidebar-style":"default","ast-global-header-display":"","ast-banner-title-visibility":"","ast-main-header-display":"","ast-hfb-above-header-display":"","ast-hfb-below-header-display":"","ast-hfb-mobile-header-display":"","site-post-title":"","ast-breadcrumbs-content":"","ast-featured-img":"","footer-sml-layout":"","ast-disable-related-posts":"","theme-transparent-header-meta":"","adv-header-id-meta":"","stick-header-meta":"","header-above-stick-meta":"","header-main-stick-meta":"","header-below-stick-meta":"","astra-migrate-meta-layouts":"set","ast-page-background-enabled":"default","ast-page-background-meta":{"desktop":{"background-color":"","background-image":"","background-repeat":"repeat","background-position":"center center","background-size":"auto","background-attachment":"scroll","background-type":"","background-media":"","overlay-type":"","overlay-color":"","overlay-opacity":"","overlay-gradient":""},"tablet":{"background-color":"","background-image":"","background-repeat":"repeat","background-position":"center center","background-size":"auto","background-attachment":"scroll","background-type":"","background-media":"","overlay-type":"","overlay-color":"","overlay-opacity":"","overlay-gradient":""},"mobile":{"background-color":"","background-image":"","background-repeat":"repeat","background-position":"center center","background-size":"auto","background-attachment":"scroll","background-type":"","background-media":"","overlay-type":"","overlay-color":"","overlay-opacity":"","overlay-gradient":""}},"ast-content-background-meta":{"desktop":{"background-color":"var(--ast-global-color-5)","background-image":"","background-repeat":"repeat","background-position":"center center","background-size":"auto","background-attachment":"scroll","background-type":"","background-media":"","overlay-type":"","overlay-color":"","overlay-opacity":"","overlay-gradient":""},"tablet":{"background-color":"var(--ast-global-color-5)","background-image":"","background-repeat":"repeat","background-position":"center center","background-size":"auto","background-attachment":"scroll","background-type":"","background-media":"","overlay-type":"","overlay-color":"","overlay-opacity":"","overlay-gradient":""},"mobile":{"background-color":"var(--ast-global-color-5)","background-image":"","background-repeat":"repeat","background-position":"center center","background-size":"auto","background-attachment":"scroll","background-type":"","background-media":"","overlay-type":"","overlay-color":"","overlay-opacity":"","overlay-gradient":""}},"footnotes":""},"class_list":["post-3","page","type-page","status-publish","hentry"],"yoast_head":"<!-- This site is optimized with the Yoast SEO plugin v27.3 - https:\/\/yoast.com\/product\/yoast-seo-wordpress\/ -->\n<title>Pol\u00edtica de Privacidad | Protecci\u00f3n de Datos | MS Representaciones<\/title>\n<meta name=\"description\" content=\"Conoc\u00e9 c\u00f3mo MS Representaciones protege tus datos personales. Nuestra pol\u00edtica de privacidad cumple con las normativas vigentes para garantizar transparencia, seguridad y confidencialidad en el uso de la informaci\u00f3n.\" \/>\n<meta name=\"robots\" content=\"index, follow, max-snippet:-1, max-image-preview:large, max-video-preview:-1\" \/>\n<link rel=\"canonical\" href=\"https:\/\/msrepresentaciones.com.ar\/en\/privacy-policy\/\" \/>\n<script type=\"application\/ld+json\" class=\"yoast-schema-graph\">{\"@context\":\"https:\\\/\\\/schema.org\",\"@graph\":[{\"@type\":\"WebPage\",\"@id\":\"https:\\\/\\\/msrepresentaciones.com.ar\\\/privacy-policy\\\/\",\"url\":\"https:\\\/\\\/msrepresentaciones.com.ar\\\/privacy-policy\\\/\",\"name\":\"Pol\u00edtica de Privacidad | Protecci\u00f3n de Datos | MS Representaciones\",\"isPartOf\":{\"@id\":\"https:\\\/\\\/msrepresentaciones.com.ar\\\/#website\"},\"datePublished\":\"2022-11-07T22:13:45+00:00\",\"dateModified\":\"2025-07-10T18:51:34+00:00\",\"description\":\"Conoc\u00e9 c\u00f3mo MS Representaciones protege tus datos personales. Nuestra pol\u00edtica de privacidad cumple con las normativas vigentes para garantizar transparencia, seguridad y confidencialidad en el uso de la informaci\u00f3n.\",\"breadcrumb\":{\"@id\":\"https:\\\/\\\/msrepresentaciones.com.ar\\\/privacy-policy\\\/#breadcrumb\"},\"inLanguage\":\"en-US\",\"potentialAction\":[{\"@type\":\"ReadAction\",\"target\":[\"https:\\\/\\\/msrepresentaciones.com.ar\\\/privacy-policy\\\/\"]}]},{\"@type\":\"BreadcrumbList\",\"@id\":\"https:\\\/\\\/msrepresentaciones.com.ar\\\/privacy-policy\\\/#breadcrumb\",\"itemListElement\":[{\"@type\":\"ListItem\",\"position\":1,\"name\":\"Portada\",\"item\":\"https:\\\/\\\/msrepresentaciones.com.ar\\\/\"},{\"@type\":\"ListItem\",\"position\":2,\"name\":\"Pol\u00edtica de Privacidad\"}]},{\"@type\":\"WebSite\",\"@id\":\"https:\\\/\\\/msrepresentaciones.com.ar\\\/#website\",\"url\":\"https:\\\/\\\/msrepresentaciones.com.ar\\\/\",\"name\":\"MS Representaciones\",\"description\":\"Servicio a la industria\",\"publisher\":{\"@id\":\"https:\\\/\\\/msrepresentaciones.com.ar\\\/#organization\"},\"alternateName\":\"MS\",\"potentialAction\":[{\"@type\":\"SearchAction\",\"target\":{\"@type\":\"EntryPoint\",\"urlTemplate\":\"https:\\\/\\\/msrepresentaciones.com.ar\\\/?s={search_term_string}\"},\"query-input\":{\"@type\":\"PropertyValueSpecification\",\"valueRequired\":true,\"valueName\":\"search_term_string\"}}],\"inLanguage\":\"en-US\"},{\"@type\":\"Organization\",\"@id\":\"https:\\\/\\\/msrepresentaciones.com.ar\\\/#organization\",\"name\":\"MS Representaciones\",\"alternateName\":\"MS\",\"url\":\"https:\\\/\\\/msrepresentaciones.com.ar\\\/\",\"logo\":{\"@type\":\"ImageObject\",\"inLanguage\":\"en-US\",\"@id\":\"https:\\\/\\\/msrepresentaciones.com.ar\\\/#\\\/schema\\\/logo\\\/image\\\/\",\"url\":\"https:\\\/\\\/msrepresentaciones.com.ar\\\/wp-content\\\/uploads\\\/2023\\\/08\\\/MS-logotipo-500.png\",\"contentUrl\":\"https:\\\/\\\/msrepresentaciones.com.ar\\\/wp-content\\\/uploads\\\/2023\\\/08\\\/MS-logotipo-500.png\",\"width\":500,\"height\":611,\"caption\":\"MS Representaciones\"},\"image\":{\"@id\":\"https:\\\/\\\/msrepresentaciones.com.ar\\\/#\\\/schema\\\/logo\\\/image\\\/\"}}]}<\/script>\n<!-- \/ Yoast SEO plugin. -->","yoast_head_json":{"title":"Pol\u00edtica de Privacidad | Protecci\u00f3n de Datos | MS Representaciones","description":"Conoc\u00e9 c\u00f3mo MS Representaciones protege tus datos personales. Nuestra pol\u00edtica de privacidad cumple con las normativas vigentes para garantizar transparencia, seguridad y confidencialidad en el uso de la informaci\u00f3n.","robots":{"index":"index","follow":"follow","max-snippet":"max-snippet:-1","max-image-preview":"max-image-preview:large","max-video-preview":"max-video-preview:-1"},"canonical":"https:\/\/msrepresentaciones.com.ar\/en\/privacy-policy\/","schema":{"@context":"https:\/\/schema.org","@graph":[{"@type":"WebPage","@id":"https:\/\/msrepresentaciones.com.ar\/privacy-policy\/","url":"https:\/\/msrepresentaciones.com.ar\/privacy-policy\/","name":"Pol\u00edtica de Privacidad | Protecci\u00f3n de Datos | MS Representaciones","isPartOf":{"@id":"https:\/\/msrepresentaciones.com.ar\/#website"},"datePublished":"2022-11-07T22:13:45+00:00","dateModified":"2025-07-10T18:51:34+00:00","description":"Conoc\u00e9 c\u00f3mo MS Representaciones protege tus datos personales. Nuestra pol\u00edtica de privacidad cumple con las normativas vigentes para garantizar transparencia, seguridad y confidencialidad en el uso de la informaci\u00f3n.","breadcrumb":{"@id":"https:\/\/msrepresentaciones.com.ar\/privacy-policy\/#breadcrumb"},"inLanguage":"en-US","potentialAction":[{"@type":"ReadAction","target":["https:\/\/msrepresentaciones.com.ar\/privacy-policy\/"]}]},{"@type":"BreadcrumbList","@id":"https:\/\/msrepresentaciones.com.ar\/privacy-policy\/#breadcrumb","itemListElement":[{"@type":"ListItem","position":1,"name":"Portada","item":"https:\/\/msrepresentaciones.com.ar\/"},{"@type":"ListItem","position":2,"name":"Pol\u00edtica de Privacidad"}]},{"@type":"WebSite","@id":"https:\/\/msrepresentaciones.com.ar\/#website","url":"https:\/\/msrepresentaciones.com.ar\/","name":"MS Representations","description":"Servicio a la industria","publisher":{"@id":"https:\/\/msrepresentaciones.com.ar\/#organization"},"alternateName":"MS","potentialAction":[{"@type":"SearchAction","target":{"@type":"EntryPoint","urlTemplate":"https:\/\/msrepresentaciones.com.ar\/?s={search_term_string}"},"query-input":{"@type":"PropertyValueSpecification","valueRequired":true,"valueName":"search_term_string"}}],"inLanguage":"en-US"},{"@type":"Organization","@id":"https:\/\/msrepresentaciones.com.ar\/#organization","name":"MS Representations","alternateName":"MS","url":"https:\/\/msrepresentaciones.com.ar\/","logo":{"@type":"ImageObject","inLanguage":"en-US","@id":"https:\/\/msrepresentaciones.com.ar\/#\/schema\/logo\/image\/","url":"https:\/\/msrepresentaciones.com.ar\/wp-content\/uploads\/2023\/08\/MS-logotipo-500.png","contentUrl":"https:\/\/msrepresentaciones.com.ar\/wp-content\/uploads\/2023\/08\/MS-logotipo-500.png","width":500,"height":611,"caption":"MS Representaciones"},"image":{"@id":"https:\/\/msrepresentaciones.com.ar\/#\/schema\/logo\/image\/"}}]}},"_links":{"self":[{"href":"https:\/\/msrepresentaciones.com.ar\/en\/wp-json\/wp\/v2\/pages\/3","targetHints":{"allow":["GET"]}}],"collection":[{"href":"https:\/\/msrepresentaciones.com.ar\/en\/wp-json\/wp\/v2\/pages"}],"about":[{"href":"https:\/\/msrepresentaciones.com.ar\/en\/wp-json\/wp\/v2\/types\/page"}],"author":[{"embeddable":true,"href":"https:\/\/msrepresentaciones.com.ar\/en\/wp-json\/wp\/v2\/users\/1"}],"replies":[{"embeddable":true,"href":"https:\/\/msrepresentaciones.com.ar\/en\/wp-json\/wp\/v2\/comments?post=3"}],"version-history":[{"count":5,"href":"https:\/\/msrepresentaciones.com.ar\/en\/wp-json\/wp\/v2\/pages\/3\/revisions"}],"predecessor-version":[{"id":6326,"href":"https:\/\/msrepresentaciones.com.ar\/en\/wp-json\/wp\/v2\/pages\/3\/revisions\/6326"}],"wp:attachment":[{"href":"https:\/\/msrepresentaciones.com.ar\/en\/wp-json\/wp\/v2\/media?parent=3"}],"curies":[{"name":"wp","href":"https:\/\/api.w.org\/{rel}","templated":true}]}}